{"id":12,"date":"2012-08-14T14:14:44","date_gmt":"2012-08-14T13:14:44","guid":{"rendered":"http:\/\/absa.ch\/?page_id=12"},"modified":"2019-10-08T11:21:17","modified_gmt":"2019-10-08T10:21:17","slug":"liens","status":"publish","type":"page","link":"http:\/\/absa.ch\/de\/liens\/","title":{"rendered":"Liens"},"content":{"rendered":"<ul>\n<li><a href=\"http:\/\/www.sqs.ch\/\" target=\"_blank\" rel=\"noopener noreferrer\">Association Suisse pour Syst\u00e8mes de Qualit\u00e9 et de Management<\/a><\/li>\n<li><a href=\"http:\/\/www.sia.ch\" target=\"_blank\" rel=\"noopener noreferrer\">Soci\u00e9t\u00e9 Suisse des Ing\u00e9nieurs et Architectes<\/a><\/li>\n<li><a href=\"http:\/\/www.usic.ch\" target=\"_blank\" rel=\"noopener noreferrer\">Union Suisse des Soci\u00e9t\u00e9s d\u2019Ing\u00e9nieurs-Conseils<\/a><\/li>\n<li><a href=\"http:\/\/www.swissengineering.ch\" target=\"_blank\" rel=\"noopener noreferrer\">Swiss Engineering UTS<\/a><\/li>\n<li><a href=\"http:\/\/www.baumeister.ch\" target=\"_blank\" rel=\"noopener noreferrer\">Association Suisse des prof. de la route et des transports<\/a><\/li>\n<li><a href=\"http:\/\/www.agi-geneve.ch\" target=\"_blank\" rel=\"noopener noreferrer\">Association genevoise des ing\u00e9nieurs<\/a><\/li>\n<li><a href=\"http:\/\/www.betechsarl.com\" target=\"_blank\" rel=\"noopener noreferrer\">Bureau d&#8217;ing\u00e9nieurs civils et g\u00e9otechnique BETECH S\u00e0rl Annemasse<\/a><\/li>\n<li><a href=\"http:\/\/www.we-studio.ch\" target=\"_blank\" rel=\"noopener noreferrer\">Agence web et graphic design We studio s\u00e0rl<\/a><\/li>\n<\/ul>\n","protected":false},"excerpt":{"rendered":"<p>Association Suisse pour Syst\u00e8mes de Qualit\u00e9 et de Management Soci\u00e9t\u00e9 Suisse des Ing\u00e9nieurs et Architectes Union Suisse des Soci\u00e9t\u00e9s d\u2019Ing\u00e9nieurs-Conseils Swiss Engineering UTS Association Suisse des prof. de la route et des transports Association genevoise des ing\u00e9nieurs Bureau d&#8217;ing\u00e9nieurs civils et g\u00e9otechnique BETECH S\u00e0rl Annemasse Agence web et graphic design&hellip;<\/p>\n","protected":false},"author":1,"featured_media":0,"parent":0,"menu_order":3,"comment_status":"open","ping_status":"open","template":"","meta":{"_acf_changed":false,"footnotes":""},"class_list":["post-12","page","type-page","status-publish","hentry"],"acf":[],"_links":{"self":[{"href":"http:\/\/absa.ch\/de\/wp-json\/wp\/v2\/pages\/12","targetHints":{"allow":["GET"]}}],"collection":[{"href":"http:\/\/absa.ch\/de\/wp-json\/wp\/v2\/pages"}],"about":[{"href":"http:\/\/absa.ch\/de\/wp-json\/wp\/v2\/types\/page"}],"author":[{"embeddable":true,"href":"http:\/\/absa.ch\/de\/wp-json\/wp\/v2\/users\/1"}],"replies":[{"embeddable":true,"href":"http:\/\/absa.ch\/de\/wp-json\/wp\/v2\/comments?post=12"}],"version-history":[{"count":21,"href":"http:\/\/absa.ch\/de\/wp-json\/wp\/v2\/pages\/12\/revisions"}],"predecessor-version":[{"id":6379,"href":"http:\/\/absa.ch\/de\/wp-json\/wp\/v2\/pages\/12\/revisions\/6379"}],"wp:attachment":[{"href":"http:\/\/absa.ch\/de\/wp-json\/wp\/v2\/media?parent=12"}],"curies":[{"name":"wp","href":"https:\/\/api.w.org\/{rel}","templated":true}]}}